{"id":553,"date":"2025-12-15T10:41:22","date_gmt":"2025-12-15T10:41:22","guid":{"rendered":"https:\/\/www.niudestels.org\/?page_id=553"},"modified":"2025-12-15T10:41:22","modified_gmt":"2025-12-15T10:41:22","slug":"avis-legal","status":"publish","type":"page","link":"https:\/\/www.niudestels.org\/index.php\/avis-legal\/","title":{"rendered":"Av\u00eds Legal"},"content":{"rendered":"\n<p><br>L&#8217;objectiu principal \u00e9s identificar el responsable de la web i establir les condicions d&#8217;\u00fas.<br>Responsable de la Web:<br>\u2022 Associaci\u00f3: Associaci\u00f3 Niu d\u2019Estels de l\u2019Albiol<br>\u2022 NIF: 21829494<br>\u2022 Domicili Social: Font de Baiget, 4 \u00b7 43479 L&#8217;Albiol, Tarragona<br>\u2022 Correu electr\u00f2nic de contacte: niu.d.estels@gmail.com<br>\u2022 Inscripci\u00f3: Inscrita al Registre d&#8217;Associacions de la Generalitat de Catalunya<br>Condicions d&#8217;\u00das:<br>\u2022 L&#8217;usuari es compromet a fer un \u00fas correcte i l\u00edcit de la p\u00e0gina web i dels seus continguts.<br>\u2022 L&#8217;Associaci\u00f3 NIU D&#8217;ESTELS es reserva el dret a modificar el contingut de la web, incloent l&#8217;Av\u00eds Legal, en qualsevol moment sense av\u00eds previ.<\/p>\n\n\n\n<ol start=\"2\" class=\"wp-block-list\">\n<li>Pol\u00edtica de Privacitat<br>L&#8217;objectiu principal \u00e9s informar sobre com es tracten les dades personals (RGPD).<br>Tractament de Dades Personals:<br>\u2022 Responsable del Tractament: Associaci\u00f3 Niu d\u2019Estels de l\u2019Albiol<br>\u2022 Finalitat: Les dades recollides a trav\u00e9s dels formularis (contacte, inscripci\u00f3 a estades) s&#8217;utilitzen exclusivament per gestionar la vostra sol\u00b7licitud, informar sobre les nostres activitats i enviar comunicacions relacionades amb els nostres serveis de benestar i allotjament, sempre amb el vostre consentiment.<br>\u2022 Legitimaci\u00f3: La base legal per al tractament de les vostres dades \u00e9s el consentiment expl\u00edcit que ens doneu en acceptar la pol\u00edtica.<br>\u2022 Conservaci\u00f3: Les dades es conservaran durant el temps estrictament necessari per complir amb la finalitat per a la qual van ser recollides o fins que l&#8217;interessat sol\u00b7liciti la seva supressi\u00f3.<br>\u2022 Drets de l&#8217;Usuari: Teniu dret a accedir a les vostres dades, rectificar-les, sol\u00b7licitar la seva supressi\u00f3 (dret a l&#8217;oblit), limitar el seu tractament, oposar-vos al tractament i a la portabilitat de les dades. Podeu exercir aquests drets enviant un correu electr\u00f2nic a niu.d.estels@gmail.com<\/li>\n\n\n\n<li>Pol\u00edtica de Cookies<br>L&#8217;objectiu principal \u00e9s informar sobre els fitxers que s&#8217;emmagatzemen al dispositiu de l&#8217;usuari.<br>Qu\u00e8 s\u00f3n les cookies?<br>Una cookie \u00e9s un petit fitxer de text que s&#8217;emmagatzema al vostre navegador quan visiteu gaireb\u00e9 qualsevol p\u00e0gina web. S&#8217;utilitzen perqu\u00e8 el web pugui recordar la vostra visita quan torneu a navegar per aquesta p\u00e0gina.<br>Cookies utilitzades en aquesta web:<br>\u2022 Cookies T\u00e8cniques: S\u00f3n necess\u00e0ries per al funcionament correcte de la web (p. ex., identificar la sessi\u00f3).<br>\u2022 Cookies d&#8217;An\u00e0lisi: Permeten comptabilitzar el nombre d&#8217;usuaris i mesurar l&#8217;\u00fas que fan els usuaris del servei (p. ex., Google Analytics).<br>Acceptaci\u00f3 de la Pol\u00edtica de Cookies<br>En navegar per aquesta web, accepteu l&#8217;\u00fas de les cookies esmentades anteriorment. Podeu restringir, bloquejar o esborrar les cookies del lloc web modificant la configuraci\u00f3 del vostre navegador.<\/li>\n<\/ol>\n","protected":false},"excerpt":{"rendered":"<p>L&#8217;objectiu principal \u00e9s identificar el responsable de la web i establir les condicions d&#8217;\u00fas.Responsable de la Web:\u2022 Associaci\u00f3: Associaci\u00f3 Niu d\u2019Estels de l\u2019Albiol\u2022 NIF: 21829494\u2022 Domicili Social: Font de Baiget, 4 \u00b7 43479 L&#8217;Albiol, Tarragona\u2022 Correu electr\u00f2nic de contacte: niu.d.estels@gmail.com\u2022 Inscripci\u00f3: Inscrita al Registre d&#8217;Associacions de la Generalitat de CatalunyaCondicions d&#8217;\u00das:\u2022 L&#8217;usuari es compromet a [&hellip;]<\/p>\n","protected":false},"author":1,"featured_media":0,"parent":0,"menu_order":0,"comment_status":"closed","ping_status":"closed","template":"","meta":{"footnotes":""},"class_list":["post-553","page","type-page","status-publish","hentry"],"_links":{"self":[{"href":"https:\/\/www.niudestels.org\/index.php\/wp-json\/wp\/v2\/pages\/553","targetHints":{"allow":["GET"]}}],"collection":[{"href":"https:\/\/www.niudestels.org\/index.php\/wp-json\/wp\/v2\/pages"}],"about":[{"href":"https:\/\/www.niudestels.org\/index.php\/wp-json\/wp\/v2\/types\/page"}],"author":[{"embeddable":true,"href":"https:\/\/www.niudestels.org\/index.php\/wp-json\/wp\/v2\/users\/1"}],"replies":[{"embeddable":true,"href":"https:\/\/www.niudestels.org\/index.php\/wp-json\/wp\/v2\/comments?post=553"}],"version-history":[{"count":1,"href":"https:\/\/www.niudestels.org\/index.php\/wp-json\/wp\/v2\/pages\/553\/revisions"}],"predecessor-version":[{"id":554,"href":"https:\/\/www.niudestels.org\/index.php\/wp-json\/wp\/v2\/pages\/553\/revisions\/554"}],"wp:attachment":[{"href":"https:\/\/www.niudestels.org\/index.php\/wp-json\/wp\/v2\/media?parent=553"}],"curies":[{"name":"wp","href":"https:\/\/api.w.org\/{rel}","templated":true}]}}